{"id":748,"date":"2025-12-04T14:00:50","date_gmt":"2025-12-04T14:00:50","guid":{"rendered":"https:\/\/agevoila.it\/?page_id=748"},"modified":"2026-01-30T16:35:56","modified_gmt":"2026-01-30T16:35:56","slug":"il-nostro-metodo","status":"publish","type":"page","link":"https:\/\/agevoila.it\/?page_id=748","title":{"rendered":"Il nostro metodo"},"content":{"rendered":"<p>[et_pb_section fb_built=&#8221;1&#8243; admin_label=&#8221;Services&#8221; _builder_version=&#8221;4.25.1&#8243; background_image=&#8221;https:\/\/agevoila.it\/wp-content\/uploads\/2024\/06\/green-energy-22.png&#8221; background_size=&#8221;initial&#8221; background_repeat=&#8221;repeat-x&#8221; custom_padding=&#8221;15px|||||&#8221; locked=&#8221;off&#8221; global_colors_info=&#8221;{}&#8221;][et_pb_row _builder_version=&#8221;4.25.1&#8243; _module_preset=&#8221;default&#8221; global_colors_info=&#8221;{}&#8221;][et_pb_column type=&#8221;4_4&#8243; _builder_version=&#8221;4.25.1&#8243; _module_preset=&#8221;default&#8221; global_colors_info=&#8221;{}&#8221;][et_pb_text _builder_version=&#8221;4.25.1&#8243; text_font=&#8221;||||||||&#8221; text_font_size=&#8221;20px&#8221; text_line_height=&#8221;1.8em&#8221; header_font=&#8221;Bitter||||||||&#8221; header_font_size=&#8221;52px&#8221; header_line_height=&#8221;1.3em&#8221; custom_margin=&#8221;||-2px|||&#8221; text_font_size_tablet=&#8221;&#8221; text_font_size_phone=&#8221;14px&#8221; text_font_size_last_edited=&#8221;on|desktop&#8221; header_font_size_tablet=&#8221;50px&#8221; header_font_size_phone=&#8221;30px&#8221; header_font_size_last_edited=&#8221;on|phone&#8221; global_colors_info=&#8221;{}&#8221;]<\/p>\n<h1 style=\"text-align: center;\">Come abbiamo <span style=\"color: #4359e9;\">raggiunto <\/span>questi risultati?<\/h1>\n<p>[\/et_pb_text][et_pb_text _builder_version=&#8221;4.25.1&#8243; text_font=&#8221;||||||||&#8221; text_font_size=&#8221;20px&#8221; text_line_height=&#8221;1.8em&#8221; header_font=&#8221;Bitter||||||||&#8221; header_font_size=&#8221;52px&#8221; header_line_height=&#8221;1.3em&#8221; custom_margin=&#8221;||-2px|||&#8221; text_font_size_tablet=&#8221;&#8221; text_font_size_phone=&#8221;14px&#8221; text_font_size_last_edited=&#8221;on|desktop&#8221; header_font_size_tablet=&#8221;50px&#8221; header_font_size_phone=&#8221;30px&#8221; header_font_size_last_edited=&#8221;on|phone&#8221; global_colors_info=&#8221;{}&#8221;]<\/p>\n<h1 style=\"text-align: center;\">Con il nostro <span style=\"color: #4359e9;\">metodo collaudato!<\/span><\/h1>\n<p>[\/et_pb_text][\/et_pb_column][\/et_pb_row][et_pb_row column_structure=&#8221;1_3,1_3,1_3&#8243; disabled_on=&#8221;on|off|off&#8221; _builder_version=&#8221;4.25.1&#8243; background_color=&#8221;#FFFFFF&#8221; box_shadow_style=&#8221;preset3&#8243; box_shadow_horizontal=&#8221;5px&#8221; box_shadow_blur=&#8221;22px&#8221; box_shadow_spread=&#8221;5px&#8221; global_colors_info=&#8221;{}&#8221;][et_pb_column type=&#8221;1_3&#8243; _builder_version=&#8221;4.16&#8243; custom_padding=&#8221;|||&#8221; global_colors_info=&#8221;{}&#8221; custom_padding__hover=&#8221;|||&#8221;][et_pb_blurb title=&#8221;Analisi delle Esigenze&#8221; image=&#8221;https:\/\/agevoila.it\/wp-content\/uploads\/2024\/06\/1-1.png&#8221; _builder_version=&#8221;4.25.1&#8243; header_font=&#8221;Bitter||||||||&#8221; header_line_height=&#8221;1.8em&#8221; body_font=&#8221;||||||||&#8221; body_line_height=&#8221;1.8em&#8221; text_orientation=&#8221;center&#8221; custom_margin=&#8221;0px|||30px|false|false&#8221; body_font_size_tablet=&#8221;&#8221; body_font_size_phone=&#8221;14px&#8221; body_font_size_last_edited=&#8221;on|desktop&#8221; global_colors_info=&#8221;{}&#8221;]<\/p>\n<p>Iniziamo con un incontro per comprendere le tue esigenze e obiettivi aziendali. Valutiamo il tuo progetto e individuiamo le agevolazioni finanziarie pi\u00f9 adatte.<\/p>\n<p>[\/et_pb_blurb][\/et_pb_column][et_pb_column type=&#8221;1_3&#8243; _builder_version=&#8221;4.16&#8243; custom_padding=&#8221;|||&#8221; global_colors_info=&#8221;{}&#8221; custom_padding__hover=&#8221;|||&#8221;][et_pb_blurb title=&#8221;Ricerca delle Opportunit\u00e0&#8221; image=&#8221;https:\/\/agevoila.it\/wp-content\/uploads\/2024\/06\/2.png&#8221; _builder_version=&#8221;4.25.1&#8243; header_font=&#8221;Bitter||||||||&#8221; header_line_height=&#8221;1.8em&#8221; body_font=&#8221;||||||||&#8221; body_line_height=&#8221;1.8em&#8221; text_orientation=&#8221;center&#8221; body_font_size_tablet=&#8221;&#8221; body_font_size_phone=&#8221;14px&#8221; body_font_size_last_edited=&#8221;on|desktop&#8221; locked=&#8221;off&#8221; global_colors_info=&#8221;{}&#8221;]<\/p>\n<p>Effettuiamo una ricerca approfondita dei bandi e delle opportunit\u00e0 di finanziamento disponibili, selezionando quelle che meglio rispondono alle tue necessit\u00e0.<\/p>\n<p>[\/et_pb_blurb][\/et_pb_column][et_pb_column type=&#8221;1_3&#8243; _builder_version=&#8221;4.16&#8243; custom_padding=&#8221;|||&#8221; global_colors_info=&#8221;{}&#8221; custom_padding__hover=&#8221;|||&#8221;][et_pb_blurb title=&#8221;Preparazione della Documentazione&#8221; image=&#8221;https:\/\/agevoila.it\/wp-content\/uploads\/2024\/06\/3.png&#8221; _builder_version=&#8221;4.25.1&#8243; header_font=&#8221;Bitter||||||||&#8221; header_line_height=&#8221;1.8em&#8221; body_font=&#8221;||||||||&#8221; body_line_height=&#8221;1.8em&#8221; text_orientation=&#8221;center&#8221; custom_margin=&#8221;|30px|0px||false|false&#8221; body_font_size_tablet=&#8221;&#8221; body_font_size_phone=&#8221;14px&#8221; body_font_size_last_edited=&#8221;on|desktop&#8221; locked=&#8221;off&#8221; global_colors_info=&#8221;{}&#8221;]<\/p>\n<p>Ti assistiamo nella preparazione di tutta la documentazione necessaria per presentare la domanda di finanziamento, garantendo precisione e conformit\u00e0 ai requisiti richiesti.<\/p>\n<p>[\/et_pb_blurb][\/et_pb_column][\/et_pb_row][et_pb_row column_structure=&#8221;1_3,1_3,1_3&#8243; disabled_on=&#8221;off|on|on&#8221; _builder_version=&#8221;4.25.1&#8243; background_color=&#8221;#FFFFFF&#8221; box_shadow_style=&#8221;preset3&#8243; box_shadow_horizontal=&#8221;5px&#8221; box_shadow_blur=&#8221;22px&#8221; box_shadow_spread=&#8221;5px&#8221; global_colors_info=&#8221;{}&#8221;][et_pb_column type=&#8221;1_3&#8243; _builder_version=&#8221;4.16&#8243; custom_padding=&#8221;|||&#8221; global_colors_info=&#8221;{}&#8221; custom_padding__hover=&#8221;|||&#8221;][et_pb_blurb title=&#8221;Analisi delle Esigenze&#8221; image=&#8221;https:\/\/agevoila.it\/wp-content\/uploads\/2024\/06\/1-1.png&#8221; _builder_version=&#8221;4.25.1&#8243; header_font=&#8221;Bitter||||||||&#8221; header_line_height=&#8221;1.8em&#8221; body_font=&#8221;||||||||&#8221; body_line_height=&#8221;1.8em&#8221; text_orientation=&#8221;center&#8221; custom_margin=&#8221;0px|||0px|false|false&#8221; body_font_size_tablet=&#8221;&#8221; body_font_size_phone=&#8221;14px&#8221; body_font_size_last_edited=&#8221;on|desktop&#8221; global_colors_info=&#8221;{}&#8221;]<\/p>\n<p>Iniziamo con un incontro per comprendere le tue esigenze e obiettivi aziendali. Valutiamo il tuo progetto e individuiamo le agevolazioni finanziarie pi\u00f9 adatte.<\/p>\n<p>[\/et_pb_blurb][\/et_pb_column][et_pb_column type=&#8221;1_3&#8243; _builder_version=&#8221;4.16&#8243; custom_padding=&#8221;|||&#8221; global_colors_info=&#8221;{}&#8221; custom_padding__hover=&#8221;|||&#8221;][et_pb_blurb title=&#8221;Ricerca delle Opportunit\u00e0&#8221; image=&#8221;https:\/\/agevoila.it\/wp-content\/uploads\/2024\/06\/2.png&#8221; _builder_version=&#8221;4.25.1&#8243; header_font=&#8221;Bitter||||||||&#8221; header_line_height=&#8221;1.8em&#8221; body_font=&#8221;||||||||&#8221; body_line_height=&#8221;1.8em&#8221; text_orientation=&#8221;center&#8221; body_font_size_tablet=&#8221;&#8221; body_font_size_phone=&#8221;14px&#8221; body_font_size_last_edited=&#8221;on|desktop&#8221; locked=&#8221;off&#8221; global_colors_info=&#8221;{}&#8221;]<\/p>\n<p>Effettuiamo una ricerca approfondita dei bandi e delle opportunit\u00e0 di finanziamento disponibili, selezionando quelle che meglio rispondono alle tue necessit\u00e0.<\/p>\n<p>[\/et_pb_blurb][\/et_pb_column][et_pb_column type=&#8221;1_3&#8243; _builder_version=&#8221;4.16&#8243; custom_padding=&#8221;|||&#8221; global_colors_info=&#8221;{}&#8221; custom_padding__hover=&#8221;|||&#8221;][et_pb_blurb title=&#8221;Preparazione della Documentazione&#8221; image=&#8221;https:\/\/agevoila.it\/wp-content\/uploads\/2024\/06\/3.png&#8221; _builder_version=&#8221;4.25.1&#8243; header_font=&#8221;Bitter||||||||&#8221; header_line_height=&#8221;1.8em&#8221; body_font=&#8221;||||||||&#8221; body_line_height=&#8221;1.8em&#8221; text_orientation=&#8221;center&#8221; custom_margin=&#8221;|0px|0px||false|false&#8221; body_font_size_tablet=&#8221;&#8221; body_font_size_phone=&#8221;14px&#8221; body_font_size_last_edited=&#8221;on|desktop&#8221; locked=&#8221;off&#8221; global_colors_info=&#8221;{}&#8221;]<\/p>\n<p>Ti assistiamo nella preparazione di tutta la documentazione necessaria per presentare la domanda di finanziamento, garantendo precisione e conformit\u00e0 ai requisiti richiesti.<\/p>\n<p>[\/et_pb_blurb][\/et_pb_column][\/et_pb_row][et_pb_row column_structure=&#8221;1_3,1_3,1_3&#8243; disabled_on=&#8221;on|off|off&#8221; _builder_version=&#8221;4.25.1&#8243; background_color=&#8221;#FFFFFF&#8221; custom_margin=&#8221;45px|auto||auto||&#8221; box_shadow_style=&#8221;preset1&#8243; box_shadow_horizontal=&#8221;5px&#8221; box_shadow_blur=&#8221;22px&#8221; box_shadow_spread=&#8221;5px&#8221; global_colors_info=&#8221;{}&#8221;][et_pb_column type=&#8221;1_3&#8243; _builder_version=&#8221;4.16&#8243; custom_padding=&#8221;|||&#8221; global_colors_info=&#8221;{}&#8221; custom_padding__hover=&#8221;|||&#8221;][et_pb_blurb title=&#8221;Presentazione della Domanda&#8221; image=&#8221;https:\/\/agevoila.it\/wp-content\/uploads\/2024\/06\/4.png&#8221; _builder_version=&#8221;4.25.1&#8243; header_font=&#8221;Bitter||||||||&#8221; header_line_height=&#8221;1.8em&#8221; body_font=&#8221;||||||||&#8221; body_line_height=&#8221;1.8em&#8221; text_orientation=&#8221;center&#8221; custom_margin=&#8221;|||30px|false|false&#8221; body_font_size_tablet=&#8221;&#8221; body_font_size_phone=&#8221;14px&#8221; body_font_size_last_edited=&#8221;on|desktop&#8221; global_colors_info=&#8221;{}&#8221;]<\/p>\n<p>Presentiamo la tua domanda agli enti competenti, monitorando costantemente lo stato di avanzamento e rispondendo a eventuali richieste di integrazione o chiarimento.<\/p>\n<p>[\/et_pb_blurb][\/et_pb_column][et_pb_column type=&#8221;1_3&#8243; _builder_version=&#8221;4.16&#8243; custom_padding=&#8221;|||&#8221; global_colors_info=&#8221;{}&#8221; custom_padding__hover=&#8221;|||&#8221;][et_pb_blurb title=&#8221;Assistenza Post-Approvazione&#8221; image=&#8221;https:\/\/agevoila.it\/wp-content\/uploads\/2024\/06\/5.png&#8221; _builder_version=&#8221;4.25.1&#8243; header_font=&#8221;Bitter||||||||&#8221; header_line_height=&#8221;1.8em&#8221; body_font=&#8221;||||||||&#8221; body_line_height=&#8221;1.8em&#8221; text_orientation=&#8221;center&#8221; body_font_size_tablet=&#8221;&#8221; body_font_size_phone=&#8221;14px&#8221; body_font_size_last_edited=&#8221;on|desktop&#8221; locked=&#8221;off&#8221; global_colors_info=&#8221;{}&#8221;]<\/p>\n<p>Dopo l&#8217;approvazione del finanziamento, ti supportiamo nella gestione e rendicontazione del progetto, assicurandoci che tu rispetti tutte le condizioni e scadenze previste.<\/p>\n<p>[\/et_pb_blurb][\/et_pb_column][et_pb_column type=&#8221;1_3&#8243; _builder_version=&#8221;4.16&#8243; custom_padding=&#8221;|||&#8221; global_colors_info=&#8221;{}&#8221; custom_padding__hover=&#8221;|||&#8221;][et_pb_blurb title=&#8221;Monitoraggio e Feedback&#8221; image=&#8221;https:\/\/agevoila.it\/wp-content\/uploads\/2024\/06\/6.png&#8221; _builder_version=&#8221;4.25.1&#8243; header_font=&#8221;Bitter||||||||&#8221; header_line_height=&#8221;1.8em&#8221; body_font=&#8221;||||||||&#8221; body_line_height=&#8221;1.8em&#8221; text_orientation=&#8221;center&#8221; custom_margin=&#8221;|30px|||false|false&#8221; body_font_size_tablet=&#8221;&#8221; body_font_size_phone=&#8221;14px&#8221; body_font_size_last_edited=&#8221;on|desktop&#8221; locked=&#8221;off&#8221; global_colors_info=&#8221;{}&#8221;]<\/p>\n<p>Monitoriamo l\u2019andamento del progetto e ti forniamo feedback continui per garantire il raggiungimento degli obiettivi e massimizzare l&#8217;efficacia delle agevolazioni ottenute.<\/p>\n<p>[\/et_pb_blurb][\/et_pb_column][\/et_pb_row][et_pb_row column_structure=&#8221;1_3,1_3,1_3&#8243; disabled_on=&#8221;off|on|on&#8221; _builder_version=&#8221;4.25.1&#8243; background_color=&#8221;#FFFFFF&#8221; custom_margin=&#8221;45px|auto||auto||&#8221; box_shadow_style=&#8221;preset1&#8243; box_shadow_horizontal=&#8221;5px&#8221; box_shadow_blur=&#8221;22px&#8221; box_shadow_spread=&#8221;5px&#8221; global_colors_info=&#8221;{}&#8221;][et_pb_column type=&#8221;1_3&#8243; _builder_version=&#8221;4.16&#8243; custom_padding=&#8221;|||&#8221; global_colors_info=&#8221;{}&#8221; custom_padding__hover=&#8221;|||&#8221;][et_pb_blurb title=&#8221;Presentazione della Domanda&#8221; image=&#8221;https:\/\/agevoila.it\/wp-content\/uploads\/2024\/06\/4.png&#8221; _builder_version=&#8221;4.25.1&#8243; header_font=&#8221;Bitter||||||||&#8221; header_line_height=&#8221;1.8em&#8221; body_font=&#8221;||||||||&#8221; body_line_height=&#8221;1.8em&#8221; text_orientation=&#8221;center&#8221; custom_margin=&#8221;|||0px|false|false&#8221; body_font_size_tablet=&#8221;&#8221; body_font_size_phone=&#8221;14px&#8221; body_font_size_last_edited=&#8221;on|desktop&#8221; global_colors_info=&#8221;{}&#8221;]<\/p>\n<p>Presentiamo la tua domanda agli enti competenti, monitorando costantemente lo stato di avanzamento e rispondendo a eventuali richieste di integrazione o chiarimento.<\/p>\n<p>[\/et_pb_blurb][\/et_pb_column][et_pb_column type=&#8221;1_3&#8243; _builder_version=&#8221;4.16&#8243; custom_padding=&#8221;|||&#8221; global_colors_info=&#8221;{}&#8221; custom_padding__hover=&#8221;|||&#8221;][et_pb_blurb title=&#8221;Assistenza Post-Approvazione&#8221; image=&#8221;https:\/\/agevoila.it\/wp-content\/uploads\/2024\/06\/5.png&#8221; _builder_version=&#8221;4.25.1&#8243; header_font=&#8221;Bitter||||||||&#8221; header_line_height=&#8221;1.8em&#8221; body_font=&#8221;||||||||&#8221; body_line_height=&#8221;1.8em&#8221; text_orientation=&#8221;center&#8221; body_font_size_tablet=&#8221;&#8221; body_font_size_phone=&#8221;14px&#8221; body_font_size_last_edited=&#8221;on|desktop&#8221; locked=&#8221;off&#8221; global_colors_info=&#8221;{}&#8221;]<\/p>\n<p>Dopo l&#8217;approvazione del finanziamento, ti supportiamo nella gestione e rendicontazione del progetto, assicurandoci che tu rispetti tutte le condizioni e scadenze previste.<\/p>\n<p>[\/et_pb_blurb][\/et_pb_column][et_pb_column type=&#8221;1_3&#8243; _builder_version=&#8221;4.16&#8243; custom_padding=&#8221;|||&#8221; global_colors_info=&#8221;{}&#8221; custom_padding__hover=&#8221;|||&#8221;][et_pb_blurb title=&#8221;Monitoraggio e Feedback&#8221; image=&#8221;https:\/\/agevoila.it\/wp-content\/uploads\/2024\/06\/6.png&#8221; _builder_version=&#8221;4.25.1&#8243; header_font=&#8221;Bitter||||||||&#8221; header_line_height=&#8221;1.8em&#8221; body_font=&#8221;||||||||&#8221; body_line_height=&#8221;1.8em&#8221; text_orientation=&#8221;center&#8221; custom_margin=&#8221;|0px|||false|false&#8221; body_font_size_tablet=&#8221;&#8221; body_font_size_phone=&#8221;14px&#8221; body_font_size_last_edited=&#8221;on|desktop&#8221; locked=&#8221;off&#8221; global_colors_info=&#8221;{}&#8221;]<\/p>\n<p>Monitoriamo l\u2019andamento del progetto e ti forniamo feedback continui per garantire il raggiungimento degli obiettivi e massimizzare l&#8217;efficacia delle agevolazioni ottenute.<\/p>\n<p>[\/et_pb_blurb][\/et_pb_column][\/et_pb_row][\/et_pb_section][et_pb_section fb_built=&#8221;1&#8243; _builder_version=&#8221;4.27.2&#8243; _module_preset=&#8221;default&#8221; min_height=&#8221;132px&#8221; global_colors_info=&#8221;{}&#8221;][\/et_pb_section][et_pb_section fb_built=&#8221;1&#8243; admin_label=&#8221;Footer&#8221; _builder_version=&#8221;4.21.0&#8243; _module_preset=&#8221;default&#8221; background_color=&#8221;gcid-8a774e07-7ffa-496d-a3ae-ed0f5be735c7&#8243; min_height=&#8221;418.8px&#8221; custom_padding=&#8221;4px||11px|||&#8221; saved_tabs=&#8221;all&#8221; locked=&#8221;off&#8221; collapsed=&#8221;on&#8221; global_colors_info=&#8221;{%22gcid-8a774e07-7ffa-496d-a3ae-ed0f5be735c7%22:%91%22background_color%22%93}&#8221;][et_pb_row column_structure=&#8221;1_3,1_3,1_3&#8243; _builder_version=&#8221;4.22.0&#8243; _module_preset=&#8221;default&#8221; global_colors_info=&#8221;{}&#8221;][et_pb_column type=&#8221;1_3&#8243; _builder_version=&#8221;4.21.0&#8243; _module_preset=&#8221;default&#8221; global_colors_info=&#8221;{}&#8221;][\/et_pb_column][et_pb_column type=&#8221;1_3&#8243; _builder_version=&#8221;4.21.0&#8243; _module_preset=&#8221;default&#8221; global_colors_info=&#8221;{}&#8221;][\/et_pb_column][et_pb_column type=&#8221;1_3&#8243; _builder_version=&#8221;4.21.0&#8243; _module_preset=&#8221;default&#8221; global_colors_info=&#8221;{}&#8221;][et_pb_text _builder_version=&#8221;4.25.1&#8243; _module_preset=&#8221;2bab3fa0-04ef-489a-8554-85274ad89ab0&#8243; header_5_text_color=&#8221;#FFFFFF&#8221; custom_margin=&#8221;||||false|false&#8221; global_colors_info=&#8221;{}&#8221;]<\/p>\n<h5>Agevoil\u00e0 s.r.l.\u00a0<br \/>P.IVA 10314891218<\/h5>\n<p>[\/et_pb_text][et_pb_text _builder_version=&#8221;4.25.1&#8243; _module_preset=&#8221;5b6fd1cf-a048-4cfb-a56c-1ca8e3d93160&#8243; text_text_color=&#8221;rgba(255,255,255,0.7)&#8221; link_text_color=&#8221;rgba(255,255,255,0.7)&#8221; custom_margin=&#8221;||10px||false|false&#8221; global_colors_info=&#8221;{}&#8221;]<\/p>\n<p>081 6200302<\/p>\n<p>[\/et_pb_text][et_pb_text _builder_version=&#8221;4.27.2&#8243; _module_preset=&#8221;5b6fd1cf-a048-4cfb-a56c-1ca8e3d93160&#8243; text_text_color=&#8221;rgba(255,255,255,0.7)&#8221; link_text_color=&#8221;rgba(255,255,255,0.7)&#8221; custom_margin=&#8221;||10px||false|false&#8221; global_colors_info=&#8221;{}&#8221;]<\/p>\n<p>392 0691480<\/p>\n<p>[\/et_pb_text][et_pb_text _builder_version=&#8221;4.25.1&#8243; _module_preset=&#8221;5b6fd1cf-a048-4cfb-a56c-1ca8e3d93160&#8243; text_text_color=&#8221;rgba(255,255,255,0.7)&#8221; link_text_color=&#8221;rgba(255,255,255,0.7)&#8221; custom_margin=&#8221;||10px||false|false&#8221; global_colors_info=&#8221;{}&#8221;]<\/p>\n<p>servizi@agevoila.it<\/p>\n<p>[\/et_pb_text][et_pb_text _builder_version=&#8221;4.27.2&#8243; _module_preset=&#8221;5b6fd1cf-a048-4cfb-a56c-1ca8e3d93160&#8243; text_text_color=&#8221;rgba(255,255,255,0.7)&#8221; link_text_color=&#8221;rgba(255,255,255,0.7)&#8221; link_option_url=&#8221;https:\/\/maps.app.goo.gl\/bDq6dCfBNnbYf9q16&#8243; global_colors_info=&#8221;{}&#8221;]<\/p>\n<p>Via Orazio 20\/22 &#8211; 80122 (NA)<\/p>\n<p>[\/et_pb_text][et_pb_social_media_follow _builder_version=&#8221;4.27.2&#8243; _module_preset=&#8221;default&#8221; global_colors_info=&#8221;{}&#8221;][et_pb_social_media_follow_network social_network=&#8221;facebook&#8221; url=&#8221;https:\/\/www.facebook.com\/profile.php?id=61569843341185&#8243; _builder_version=&#8221;4.27.2&#8243; _module_preset=&#8221;default&#8221; global_colors_info=&#8221;{}&#8221; follow_button=&#8221;off&#8221; url_new_window=&#8221;on&#8221;]facebook[\/et_pb_social_media_follow_network][et_pb_social_media_follow_network social_network=&#8221;instagram&#8221; url=&#8221;https:\/\/www.instagram.com\/agevoila_finanza_agevolata?igsh=MWtuY3A4cTR1MGM1eg==&#8221; _builder_version=&#8221;4.27.2&#8243; _module_preset=&#8221;default&#8221; global_colors_info=&#8221;{}&#8221; follow_button=&#8221;off&#8221; url_new_window=&#8221;on&#8221;]instagram[\/et_pb_social_media_follow_network][et_pb_social_media_follow_network social_network=&#8221;linkedin&#8221; url=&#8221;https:\/\/www.linkedin.com\/company\/agevoil%C3%A0\/?viewAsMember=true&#8221; _builder_version=&#8221;4.27.2&#8243; _module_preset=&#8221;default&#8221; background_color=&#8221;#007bb6&#8243; global_colors_info=&#8221;{}&#8221; follow_button=&#8221;off&#8221; url_new_window=&#8221;on&#8221;]linkedin[\/et_pb_social_media_follow_network][\/et_pb_social_media_follow][\/et_pb_column][\/et_pb_row][\/et_pb_section]<\/p>\n","protected":false},"excerpt":{"rendered":"<p>Come abbiamo raggiunto questi risultati?Con il nostro metodo collaudato!Iniziamo con un incontro per comprendere le tue esigenze e obiettivi aziendali. Valutiamo il tuo progetto e individuiamo le agevolazioni finanziarie pi\u00f9 adatte.Effettuiamo una ricerca approfondita dei bandi e delle opportunit\u00e0 di finanziamento disponibili, selezionando quelle che meglio rispondono alle tue necessit\u00e0.Ti assistiamo nella preparazione di tutta [&hellip;]<\/p>\n","protected":false},"author":1,"featured_media":0,"parent":0,"menu_order":0,"comment_status":"closed","ping_status":"closed","template":"","meta":{"_et_pb_use_builder":"on","_et_pb_old_content":"","_et_gb_content_width":"","footnotes":""},"class_list":["post-748","page","type-page","status-publish","hentry"],"_links":{"self":[{"href":"https:\/\/agevoila.it\/index.php?rest_route=\/wp\/v2\/pages\/748","targetHints":{"allow":["GET"]}}],"collection":[{"href":"https:\/\/agevoila.it\/index.php?rest_route=\/wp\/v2\/pages"}],"about":[{"href":"https:\/\/agevoila.it\/index.php?rest_route=\/wp\/v2\/types\/page"}],"author":[{"embeddable":true,"href":"https:\/\/agevoila.it\/index.php?rest_route=\/wp\/v2\/users\/1"}],"replies":[{"embeddable":true,"href":"https:\/\/agevoila.it\/index.php?rest_route=%2Fwp%2Fv2%2Fcomments&post=748"}],"version-history":[{"count":9,"href":"https:\/\/agevoila.it\/index.php?rest_route=\/wp\/v2\/pages\/748\/revisions"}],"predecessor-version":[{"id":1024,"href":"https:\/\/agevoila.it\/index.php?rest_route=\/wp\/v2\/pages\/748\/revisions\/1024"}],"wp:attachment":[{"href":"https:\/\/agevoila.it\/index.php?rest_route=%2Fwp%2Fv2%2Fmedia&parent=748"}],"curies":[{"name":"wp","href":"https:\/\/api.w.org\/{rel}","templated":true}]}}